{"id":627,"date":"2025-11-02T16:42:15","date_gmt":"2025-11-02T20:42:15","guid":{"rendered":"https:\/\/maracaibo2026.fedeciv.org\/web2\/?page_id=627"},"modified":"2025-11-02T18:23:50","modified_gmt":"2025-11-02T22:23:50","slug":"hoteles","status":"publish","type":"page","link":"https:\/\/maracaibo2026.fedeciv.org\/web2\/hoteles\/","title":{"rendered":"Hoteles"},"content":{"rendered":"<p>[et_pb_section fb_built=\u00bb1&#8243; _builder_version=\u00bb4.27.4&#8243; _module_preset=\u00bbdefault\u00bb hover_enabled=\u00bb0&#8243; global_colors_info=\u00bb{}\u00bb background_color=\u00bbRGBA(255,255,255,0)\u00bb sticky_enabled=\u00bb0&#8243;][et_pb_row _builder_version=\u00bb4.27.4&#8243; _module_preset=\u00bbdefault\u00bb hover_enabled=\u00bb0&#8243; global_colors_info=\u00bb{}\u00bb background_color=\u00bb#FFFFFF\u00bb sticky_enabled=\u00bb0&#8243;][et_pb_column type=\u00bb4_4&#8243; _builder_version=\u00bb4.27.4&#8243; _module_preset=\u00bbdefault\u00bb global_colors_info=\u00bb{}\u00bb][et_pb_text _builder_version=\u00bb4.27.4&#8243; _module_preset=\u00bbdefault\u00bb hover_enabled=\u00bb0&#8243; global_colors_info=\u00bb{}\u00bb sticky_enabled=\u00bb0&#8243; text_font=\u00bb|700||||on|||\u00bb text_text_color=\u00bb#000000&#8243; text_font_size=\u00bb30px\u00bb text_orientation=\u00bbcenter\u00bb]<\/p>\n<p>Hoteler\u00eda<\/p>\n<p>[\/et_pb_text][\/et_pb_column][\/et_pb_row][et_pb_row _builder_version=\u00bb4.27.4&#8243; _module_preset=\u00bbdefault\u00bb background_color=\u00bb#FFFFFF\u00bb hover_enabled=\u00bb0&#8243; sticky_enabled=\u00bb0&#8243;][et_pb_column _builder_version=\u00bb4.27.4&#8243; _module_preset=\u00bbdefault\u00bb type=\u00bb4_4&#8243;][et_pb_text _builder_version=\u00bb4.27.4&#8243; _module_preset=\u00bbdefault\u00bb hover_enabled=\u00bb0&#8243; sticky_enabled=\u00bb0&#8243; custom_margin=\u00bb|0px||0px|false|false\u00bb custom_padding=\u00bb|25px||25px|false|false\u00bb]<\/p>\n<p style=\"text-align: justify;\">Maracaibo, la capital del estado Zulia, es una ciudad con una rica herencia cultural y un importante centro econ\u00f3mico en Venezuela. La infraestructura hotelera de Maracaibo es diversa y abarca una amplia gama de categor\u00edas, desde hoteles de lujo hasta opciones m\u00e1s econ\u00f3micas. Este informe tiene como objetivo proporcionar un an\u00e1lisis detallado de los hoteles en la ciudad, clasific\u00e1ndolos por categor\u00eda y resaltando sus caracter\u00edsticas, capacidades y servicios. Se realizaron visitas a varios hoteles para obtener informaci\u00f3n directa sobre sus instalaciones y servicios. An\u00e1lisis de la Infraestructura Hotelera. Clasificaci\u00f3n por Categor\u00eda<\/p>\n<p style=\"text-align: justify;\">A continuaci\u00f3n se presenta un listado de los hoteles en Maracaibo, clasificados por categor\u00eda<\/p>\n<p>[\/et_pb_text][\/et_pb_column][\/et_pb_row][et_pb_row _builder_version=\u00bb4.27.4&#8243; _module_preset=\u00bbdefault\u00bb column_structure=\u00bb1_4,1_4,1_4,1_4&#8243; background_color=\u00bb#FFFFFF\u00bb hover_enabled=\u00bb0&#8243; sticky_enabled=\u00bb0&#8243; use_custom_gutter=\u00bbon\u00bb gutter_width=\u00bb1&#8243;][et_pb_column _builder_version=\u00bb4.27.4&#8243; _module_preset=\u00bbdefault\u00bb type=\u00bb1_4&#8243;][et_pb_text _builder_version=\u00bb4.27.4&#8243; _module_preset=\u00bbdefault\u00bb hover_enabled=\u00bb0&#8243; sticky_enabled=\u00bb0&#8243; custom_margin=\u00bb|0px||0px|false|false\u00bb custom_padding=\u00bb|10px||10px|false|false\u00bb]<\/p>\n<p style=\"text-align: center;\"><strong>Hotel<\/strong> <strong>Intercontinental<\/strong> <strong>Maracaibo<\/strong><\/p>\n<p style=\"text-align: left;\"><strong>Capacidad:<\/strong> 200 habitaciones.<br \/><strong>Servicios:<\/strong> Restaurante gourmet, piscina, gimnasio, spa, salas de conferencias.<br \/><strong>Ubicaci\u00f3n:<\/strong> C\u00e9ntrica, cerca de \u00e1reas comerciales.<\/p>\n<p>[\/et_pb_text][\/et_pb_column][et_pb_column _builder_version=\u00bb4.27.4&#8243; _module_preset=\u00bbdefault\u00bb type=\u00bb1_4&#8243;][et_pb_image src=\u00bbhttps:\/\/maracaibo2026.fedeciv.org\/web2\/wp-content\/uploads\/2025\/11\/intercontinental.png\u00bb _builder_version=\u00bb4.27.4&#8243; _module_preset=\u00bbdefault\u00bb title_text=\u00bbintercontinental\u00bb hover_enabled=\u00bb0&#8243; sticky_enabled=\u00bb0&#8243; custom_margin=\u00bb|0px||0px|false|false\u00bb custom_padding=\u00bb|5px||5px|false|false\u00bb][\/et_pb_image][\/et_pb_column][et_pb_column _builder_version=\u00bb4.27.4&#8243; _module_preset=\u00bbdefault\u00bb type=\u00bb1_4&#8243;][et_pb_image src=\u00bbhttps:\/\/maracaibo2026.fedeciv.org\/web2\/wp-content\/uploads\/2025\/11\/boutique.webp\u00bb _builder_version=\u00bb4.27.4&#8243; _module_preset=\u00bbdefault\u00bb title_text=\u00bbboutique\u00bb hover_enabled=\u00bb0&#8243; sticky_enabled=\u00bb0&#8243; custom_margin=\u00bb|0px||0px|false|false\u00bb custom_padding=\u00bb|5px||5px|false|false\u00bb][\/et_pb_image][\/et_pb_column][et_pb_column _builder_version=\u00bb4.27.4&#8243; _module_preset=\u00bbdefault\u00bb type=\u00bb1_4&#8243;][et_pb_text _builder_version=\u00bb4.27.4&#8243; _module_preset=\u00bbdefault\u00bb sticky_enabled=\u00bb0&#8243; custom_margin=\u00bb|0px||0px|false|false\u00bb custom_padding=\u00bb|10px||10px|false|false\u00bb hover_enabled=\u00bb0&#8243;]<\/p>\n<p style=\"text-align: center;\"><strong>Hotel<\/strong>\u00a0<b>Boutique Oceania<\/b><\/p>\n<p style=\"text-align: left;\"><strong>Capacidad:<\/strong><br \/><strong>Servicios:<\/strong><br \/><strong>Ubicaci\u00f3n:<\/strong><\/p>\n<p>[\/et_pb_text][\/et_pb_column][\/et_pb_row][et_pb_row _builder_version=\u00bb4.27.4&#8243; _module_preset=\u00bbdefault\u00bb column_structure=\u00bb1_4,1_4,1_4,1_4&#8243; background_color=\u00bb#FFFFFF\u00bb hover_enabled=\u00bb0&#8243; sticky_enabled=\u00bb0&#8243; use_custom_gutter=\u00bbon\u00bb gutter_width=\u00bb1&#8243;][et_pb_column _builder_version=\u00bb4.27.4&#8243; _module_preset=\u00bbdefault\u00bb type=\u00bb1_4&#8243;][et_pb_image src=\u00bbhttps:\/\/maracaibo2026.fedeciv.org\/web2\/wp-content\/uploads\/2025\/11\/kristoff.png\u00bb _builder_version=\u00bb4.27.4&#8243; _module_preset=\u00bbdefault\u00bb title_text=\u00bbkristoff\u00bb hover_enabled=\u00bb0&#8243; sticky_enabled=\u00bb0&#8243; custom_margin=\u00bb|0px||0px|false|false\u00bb custom_padding=\u00bb|5px||5px|false|false\u00bb][\/et_pb_image][\/et_pb_column][et_pb_column _builder_version=\u00bb4.27.4&#8243; _module_preset=\u00bbdefault\u00bb type=\u00bb1_4&#8243;][et_pb_text _builder_version=\u00bb4.27.4&#8243; _module_preset=\u00bbdefault\u00bb hover_enabled=\u00bb0&#8243; sticky_enabled=\u00bb0&#8243; custom_margin=\u00bb|0px||0px|false|false\u00bb custom_padding=\u00bb|10px||10px|false|false\u00bb]<\/p>\n<p style=\"text-align: center;\"><strong>Hotel<\/strong>\u00a0<b>Kristoff<\/b><\/p>\n<p style=\"text-align: left;\"><strong>Capacidad:<\/strong> 120 habitaciones.<br \/><strong>Servicios:<\/strong> Restaurante, bar, servicio a la habitaci\u00f3n, Wi-Fi gratuito.<br \/><strong>Ubicaci\u00f3n:<\/strong> En el centro de la ciudad.<\/p>\n<p>[\/et_pb_text][\/et_pb_column][et_pb_column _builder_version=\u00bb4.27.4&#8243; _module_preset=\u00bbdefault\u00bb type=\u00bb1_4&#8243;][et_pb_text _builder_version=\u00bb4.27.4&#8243; _module_preset=\u00bbdefault\u00bb sticky_enabled=\u00bb0&#8243; custom_margin=\u00bb|0px||0px|false|false\u00bb custom_padding=\u00bb|10px||10px|false|false\u00bb hover_enabled=\u00bb0&#8243;]<\/p>\n<p style=\"text-align: center;\"><strong>Hotel<\/strong>\u00a0<b>El Paseo<\/b><\/p>\n<p style=\"text-align: left;\"><strong>Capacidad: <\/strong>80 habitaciones.<br \/><strong>Servicios: <\/strong>Desayuno incluido, Wi-Fi gratuito, estacionamiento.<br \/><strong>Ubicaci\u00f3n: <\/strong>Accesible y familiar.<\/p>\n<p>[\/et_pb_text][\/et_pb_column][et_pb_column _builder_version=\u00bb4.27.4&#8243; _module_preset=\u00bbdefault\u00bb type=\u00bb1_4&#8243;][et_pb_image src=\u00bbhttps:\/\/maracaibo2026.fedeciv.org\/web2\/wp-content\/uploads\/2025\/11\/elpaseo.webp\u00bb _builder_version=\u00bb4.27.4&#8243; _module_preset=\u00bbdefault\u00bb title_text=\u00bbelpaseo\u00bb hover_enabled=\u00bb0&#8243; sticky_enabled=\u00bb0&#8243; custom_margin=\u00bb|0px||0px|false|false\u00bb custom_padding=\u00bb|5px||5px|false|false\u00bb][\/et_pb_image][\/et_pb_column][\/et_pb_row][et_pb_row _builder_version=\u00bb4.27.4&#8243; _module_preset=\u00bbdefault\u00bb column_structure=\u00bb1_4,1_4,1_4,1_4&#8243; background_color=\u00bb#FFFFFF\u00bb hover_enabled=\u00bb0&#8243; sticky_enabled=\u00bb0&#8243; use_custom_gutter=\u00bbon\u00bb gutter_width=\u00bb1&#8243;][et_pb_column _builder_version=\u00bb4.27.4&#8243; _module_preset=\u00bbdefault\u00bb type=\u00bb1_4&#8243;][et_pb_text _builder_version=\u00bb4.27.4&#8243; _module_preset=\u00bbdefault\u00bb hover_enabled=\u00bb0&#8243; sticky_enabled=\u00bb0&#8243; custom_margin=\u00bb|0px||0px|false|false\u00bb custom_padding=\u00bb|10px||10px|false|false\u00bb]<\/p>\n<p style=\"text-align: center;\"><strong>Hotel<\/strong>\u00a0<b>Tibisay<\/b><\/p>\n<p style=\"text-align: left;\"><strong>Capacidad:<\/strong> 60habitaciones.<br \/><strong>Servicios:<\/strong> Desayuno continental, Wi-Fi gratuito.<br \/><strong>Ubicaci\u00f3n:<\/strong> Vista al lago, ambiente tranquilo.<\/p>\n<p>[\/et_pb_text][\/et_pb_column][et_pb_column _builder_version=\u00bb4.27.4&#8243; _module_preset=\u00bbdefault\u00bb type=\u00bb1_4&#8243;][et_pb_image src=\u00bbhttps:\/\/maracaibo2026.fedeciv.org\/web2\/wp-content\/uploads\/2025\/11\/tibisay.png\u00bb _builder_version=\u00bb4.27.4&#8243; _module_preset=\u00bbdefault\u00bb title_text=\u00bbtibisay\u00bb hover_enabled=\u00bb0&#8243; sticky_enabled=\u00bb0&#8243; custom_margin=\u00bb|0px||0px|false|false\u00bb custom_padding=\u00bb|5px||5px|false|false\u00bb][\/et_pb_image][\/et_pb_column][et_pb_column _builder_version=\u00bb4.27.4&#8243; _module_preset=\u00bbdefault\u00bb type=\u00bb1_4&#8243;][et_pb_image src=\u00bbhttps:\/\/maracaibo2026.fedeciv.org\/web2\/wp-content\/uploads\/2025\/11\/gran-hotel-delicias.jpg\u00bb _builder_version=\u00bb4.27.4&#8243; _module_preset=\u00bbdefault\u00bb title_text=\u00bbgran-hotel-delicias\u00bb hover_enabled=\u00bb0&#8243; sticky_enabled=\u00bb0&#8243; custom_margin=\u00bb|0px||0px|false|false\u00bb custom_padding=\u00bb|5px||5px|false|false\u00bb][\/et_pb_image][\/et_pb_column][et_pb_column _builder_version=\u00bb4.27.4&#8243; _module_preset=\u00bbdefault\u00bb type=\u00bb1_4&#8243;][et_pb_text _builder_version=\u00bb4.27.4&#8243; _module_preset=\u00bbdefault\u00bb sticky_enabled=\u00bb0&#8243; custom_margin=\u00bb|0px||0px|false|false\u00bb custom_padding=\u00bb|10px||10px|false|false\u00bb hover_enabled=\u00bb0&#8243;]<\/p>\n<p style=\"text-align: center;\"><strong>Gran Hotel<\/strong>\u00a0<b>Delicias<\/b><\/p>\n<p style=\"text-align: left;\"><strong>Capacidad:<\/strong><br \/><strong>Servicios:<\/strong><br \/><strong>Ubicaci\u00f3n:<\/strong><\/p>\n<p>[\/et_pb_text][\/et_pb_column][\/et_pb_row][et_pb_row _builder_version=\u00bb4.27.4&#8243; _module_preset=\u00bbdefault\u00bb column_structure=\u00bb1_4,1_4,1_4,1_4&#8243; background_color=\u00bb#FFFFFF\u00bb hover_enabled=\u00bb0&#8243; sticky_enabled=\u00bb0&#8243; use_custom_gutter=\u00bbon\u00bb gutter_width=\u00bb1&#8243;][et_pb_column _builder_version=\u00bb4.27.4&#8243; _module_preset=\u00bbdefault\u00bb type=\u00bb1_4&#8243;][et_pb_image src=\u00bbhttps:\/\/maracaibo2026.fedeciv.org\/web2\/wp-content\/uploads\/2025\/11\/apart-hotel-presidente.jpg\u00bb _builder_version=\u00bb4.27.4&#8243; _module_preset=\u00bbdefault\u00bb title_text=\u00bbapart-hotel-presidente\u00bb hover_enabled=\u00bb0&#8243; sticky_enabled=\u00bb0&#8243; custom_margin=\u00bb|0px||0px|false|false\u00bb custom_padding=\u00bb|5px||5px|false|false\u00bb][\/et_pb_image][\/et_pb_column][et_pb_column _builder_version=\u00bb4.27.4&#8243; _module_preset=\u00bbdefault\u00bb type=\u00bb1_4&#8243;][et_pb_text _builder_version=\u00bb4.27.4&#8243; _module_preset=\u00bbdefault\u00bb hover_enabled=\u00bb0&#8243; sticky_enabled=\u00bb0&#8243; custom_margin=\u00bb|0px||0px|false|false\u00bb custom_padding=\u00bb|10px||10px|false|false\u00bb]<\/p>\n<p style=\"text-align: center;\"><strong>Apart Hotel<\/strong>\u00a0<b>Presidente<\/b><\/p>\n<p style=\"text-align: left;\"><strong>Capacidad:<\/strong> 30habitaciones.<br \/><strong>Servicios:<\/strong> Desayuno continental, Wi-Fi gratuito.<br \/><strong>Ubicaci\u00f3n:<\/strong><\/p>\n<p>[\/et_pb_text][\/et_pb_column][et_pb_column _builder_version=\u00bb4.27.4&#8243; _module_preset=\u00bbdefault\u00bb type=\u00bb1_4&#8243;][et_pb_text _builder_version=\u00bb4.27.4&#8243; _module_preset=\u00bbdefault\u00bb sticky_enabled=\u00bb0&#8243; custom_margin=\u00bb|0px||0px|false|false\u00bb custom_padding=\u00bb|10px||10px|false|false\u00bb hover_enabled=\u00bb0&#8243;]<\/p>\n<p style=\"text-align: center;\"><strong>Hotel<\/strong>\u00a0<b>Santa Barbara<\/b><\/p>\n<p style=\"text-align: left;\"><strong>Capacidad: <\/strong>27habitaciones.<br \/><strong>Servicios: <\/strong>Desayuno continental, Wi-Fi gratuito.<br \/><strong>Ubicaci\u00f3n:\u00a0<\/strong><\/p>\n<p>[\/et_pb_text][\/et_pb_column][et_pb_column _builder_version=\u00bb4.27.4&#8243; _module_preset=\u00bbdefault\u00bb type=\u00bb1_4&#8243;][et_pb_image src=\u00bbhttps:\/\/maracaibo2026.fedeciv.org\/web2\/wp-content\/uploads\/2025\/11\/barbara.png\u00bb _builder_version=\u00bb4.27.4&#8243; _module_preset=\u00bbdefault\u00bb title_text=\u00bbbarbara\u00bb hover_enabled=\u00bb0&#8243; sticky_enabled=\u00bb0&#8243; custom_margin=\u00bb|0px||0px|false|false\u00bb custom_padding=\u00bb|5px||5px|false|false\u00bb][\/et_pb_image][\/et_pb_column][\/et_pb_row][\/et_pb_section]<\/p>\n","protected":false},"excerpt":{"rendered":"<p>Hoteler\u00edaMaracaibo, la capital del estado Zulia, es una ciudad con una rica herencia cultural y un importante centro econ\u00f3mico en Venezuela. La infraestructura hotelera de Maracaibo es diversa y abarca una amplia gama de categor\u00edas, desde hoteles de lujo hasta opciones m\u00e1s econ\u00f3micas. Este informe tiene como objetivo proporcionar un an\u00e1lisis detallado de los hoteles [&hellip;]<\/p>\n","protected":false},"author":1,"featured_media":0,"parent":0,"menu_order":0,"comment_status":"closed","ping_status":"closed","template":"","meta":{"_et_pb_use_builder":"on","_et_pb_old_content":"","_et_gb_content_width":"","footnotes":""},"class_list":["post-627","page","type-page","status-publish","hentry"],"_links":{"self":[{"href":"https:\/\/maracaibo2026.fedeciv.org\/web2\/wp-json\/wp\/v2\/pages\/627","targetHints":{"allow":["GET"]}}],"collection":[{"href":"https:\/\/maracaibo2026.fedeciv.org\/web2\/wp-json\/wp\/v2\/pages"}],"about":[{"href":"https:\/\/maracaibo2026.fedeciv.org\/web2\/wp-json\/wp\/v2\/types\/page"}],"author":[{"embeddable":true,"href":"https:\/\/maracaibo2026.fedeciv.org\/web2\/wp-json\/wp\/v2\/users\/1"}],"replies":[{"embeddable":true,"href":"https:\/\/maracaibo2026.fedeciv.org\/web2\/wp-json\/wp\/v2\/comments?post=627"}],"version-history":[{"count":8,"href":"https:\/\/maracaibo2026.fedeciv.org\/web2\/wp-json\/wp\/v2\/pages\/627\/revisions"}],"predecessor-version":[{"id":648,"href":"https:\/\/maracaibo2026.fedeciv.org\/web2\/wp-json\/wp\/v2\/pages\/627\/revisions\/648"}],"wp:attachment":[{"href":"https:\/\/maracaibo2026.fedeciv.org\/web2\/wp-json\/wp\/v2\/media?parent=627"}],"curies":[{"name":"wp","href":"https:\/\/api.w.org\/{rel}","templated":true}]}}