{"id":549,"date":"2025-10-24T18:33:47","date_gmt":"2025-10-24T22:33:47","guid":{"rendered":"https:\/\/maracaibo2026.fedeciv.org\/web2\/?page_id=549"},"modified":"2025-10-24T18:39:01","modified_gmt":"2025-10-24T22:39:01","slug":"historia-de-fedeciv","status":"publish","type":"page","link":"https:\/\/maracaibo2026.fedeciv.org\/web2\/historia-de-fedeciv\/","title":{"rendered":"Historia de Fedeciv"},"content":{"rendered":"<p>[et_pb_section fb_built=\u00bb1&#8243; admin_label=\u00bbsection\u00bb _builder_version=\u00bb4.27.4&#8243; background_color=\u00bbRGBA(255,255,255,0)\u00bb global_colors_info=\u00bb{}\u00bb theme_builder_area=\u00bbpost_content\u00bb][et_pb_row column_structure=\u00bb1_2,1_2&#8243; use_custom_gutter=\u00bbon\u00bb gutter_width=\u00bb1&#8243; make_equal=\u00bbon\u00bb admin_label=\u00bbH-fedeciv-1&#8243; _builder_version=\u00bb4.27.4&#8243; _module_preset=\u00bbdefault\u00bb width=\u00bb100%\u00bb custom_margin=\u00bb0px||0px||false|false\u00bb custom_padding=\u00bb0px||0px||false|false\u00bb hover_enabled=\u00bb0&#8243; global_colors_info=\u00bb{}\u00bb theme_builder_area=\u00bbpost_content\u00bb background_color=\u00bb#0C71C3&#8243; sticky_enabled=\u00bb0&#8243;][et_pb_column type=\u00bb1_2&#8243; _builder_version=\u00bb4.27.4&#8243; _module_preset=\u00bbdefault\u00bb global_colors_info=\u00bb{}\u00bb theme_builder_area=\u00bbpost_content\u00bb][et_pb_text _builder_version=\u00bb4.27.4&#8243; _module_preset=\u00bbdefault\u00bb text_font=\u00bb|600|||||||\u00bb text_text_color=\u00bb#FFFFFF\u00bb text_font_size=\u00bb18px\u00bb min_height=\u00bb315px\u00bb custom_margin=\u00bb0px|0px|0px|0px|false|false\u00bb custom_padding=\u00bb10px|10px|10px|10px|false|false\u00bb hover_enabled=\u00bb0&#8243; global_colors_info=\u00bb{}\u00bb theme_builder_area=\u00bbpost_content\u00bb sticky_enabled=\u00bb0&#8243;]<\/p>\n<p style=\"text-align: justify;\">Gracias al sue\u00f1o de una persona y la inquietud de otras, se contemplaron una serie de ideas para reunir en un mismo lugar personas de diferentes clubes Italo-Venezolanos relacionadas al \u00e1mbito deportivo, con la finalidad de confraternizar con nuestros semejantes y de esta forma lograr la participaci\u00f3n de los socios en la actividad deportiva. En ese momento, nace la idea de realizar un torneo entre clubes Italo-Venezolanos.<\/p>\n<p style=\"text-align: justify;\">En 1983 el Sr. Giuseppe San\u00f3, coordinador deportivo de la Casa de Italia de Maracay, inicia conversaciones con el primer Presidente de FAIV, con la finalidad de realizar un torneo interclubes y de esa forma unir a los clubes italovenezolanos en una competici\u00f3n deportiva. Por razones ajenas a sus voluntades no pudo llevarse a cabo dicha justa deportiva.<\/p>\n<p style=\"text-align: justify;\">En 1.985, retomando la idea de reunir a los clubes Italo-Venezolanos, el Sr. Giuseppe San\u00f3 gestiona nuevas conversaciones con quien fuese el segundo Presidente de FAIV para esa \u00e9poca. Esta vez si logran darse las condiciones para realizar un torneo interclubes. Dicho torneo constar\u00eda de cuatro disciplinas deportivas, a saber: Bochas, Bowling, Futbolito y Tenis. Debido a esto se logra conformar una \u201cComisi\u00f3n Organizadora\u201d para ayudar a la Junta Directiva de la Casa de Italia de Maracay en la preparaci\u00f3n y realizaci\u00f3n del mencionado torneo. En un lapso de cinco semanas la comisi\u00f3n organiz\u00f3 los \u201cI Juegos Deportivos Interclubes Italo-Venezolanos\u201d.<\/p>\n<p>[\/et_pb_text][\/et_pb_column][et_pb_column type=\u00bb1_2&#8243; _builder_version=\u00bb4.27.4&#8243; _module_preset=\u00bbdefault\u00bb global_colors_info=\u00bb{}\u00bb theme_builder_area=\u00bbpost_content\u00bb][et_pb_image src=\u00bbhttps:\/\/maracaibo2026.fedeciv.org\/web2\/wp-content\/uploads\/2025\/10\/f_org_cicular.jpg\u00bb title_text=\u00bbf_org_cicular\u00bb align=\u00bbcenter\u00bb _builder_version=\u00bb4.27.4&#8243; _module_preset=\u00bbdefault\u00bb custom_margin=\u00bb100px||||false|false\u00bb border_radii=\u00bbon|300px|300px|300px|300px\u00bb global_colors_info=\u00bb{}\u00bb theme_builder_area=\u00bbpost_content\u00bb][\/et_pb_image][\/et_pb_column][\/et_pb_row][et_pb_row use_custom_gutter=\u00bbon\u00bb admin_label=\u00bbH-fedeciv-2&#8243; _builder_version=\u00bb4.27.4&#8243; _module_preset=\u00bbdefault\u00bb width=\u00bb100%\u00bb custom_margin=\u00bb10px||0px||false|false\u00bb custom_padding=\u00bb0px||0px||false|false\u00bb hover_enabled=\u00bb0&#8243; global_colors_info=\u00bb{}\u00bb theme_builder_area=\u00bbpost_content\u00bb background_color=\u00bb#0C71C3&#8243; sticky_enabled=\u00bb0&#8243;][et_pb_column type=\u00bb4_4&#8243; _builder_version=\u00bb4.27.4&#8243; _module_preset=\u00bbdefault\u00bb global_colors_info=\u00bb{}\u00bb theme_builder_area=\u00bbpost_content\u00bb][et_pb_text _builder_version=\u00bb4.27.4&#8243; _module_preset=\u00bbdefault\u00bb text_font=\u00bb|600|||||||\u00bb text_text_color=\u00bb#FFFFFF\u00bb text_font_size=\u00bb18px\u00bb hover_enabled=\u00bb0&#8243; global_colors_info=\u00bb{}\u00bb theme_builder_area=\u00bbpost_content\u00bb custom_padding=\u00bb10px|10px|10px|10px|false|false\u00bb sticky_enabled=\u00bb0&#8243;]<\/p>\n<p style=\"text-align: justify;\">Es as\u00ed como, en 1.985 y gracias a la tenaz y gallarda voluntad del Sr. Giuseppe San\u00f3 acompa\u00f1ado del car\u00e1cter decidido y de ayuda admirable de un grupo de personas capaces y dedicadas al \u00e1mbito socio-deportivo de los clubes, en la Asamblea de FAIV celebrada en el Club AFIVEL de Barquisimeto el d\u00eda 30 de Noviembre de 1.985, logran conformar la primera Junta Directiva de FEDECIV, integrada por un grupo de personas de nuestra comunidad con la finalidad de lograr el acercamiento deportivo y estrechar los lazos de amistad y confraternidad entre los diferentes socios de nuestros clubes italovenezolanos de todo el pa\u00eds.<\/p>\n<p style=\"text-align: justify;\">La FEDERACI\u00d3N DEPORTIVA DE CLUBES ITALO-VENEZOLANOS, FEDECIV, nace un 30 de noviembre del a\u00f1o 1.985, constituida como una Sociedad Civil sin fines de lucro, la cual se dedica a fomentar y regular las actividades deportivas que se realicen a nivel nacional e interclubes, sin desligarse de las normas que regulan dichas actividades en el pa\u00eds, para el goce y disfrute de todos nuestros socios y miembros familiares y amigos.<\/p>\n<p style=\"text-align: justify;\">FEDECIV es una federaci\u00f3n creada por el sue\u00f1o y la inquietud de una persona, la cual logr\u00f3 en definitiva alcanzar y fortalecer los v\u00ednculos entre dos naciones amigas, Italia y Venezuela. No sin desmerecer a las mujeres y hombre que acompa\u00f1aron directa e indirectamente, superando obst\u00e1culos y desarrollando un trabajo extraordinario, pleno de abnegaci\u00f3n y con m\u00edstica excepcional, estamos hablando de los fundadores y colaboradores que de una u otra forma gestionaron y vieron nacer a FEDECIV y que a\u00fan muchos de ellos siguen viendo el vigoroso crecimiento de nuestra federaci\u00f3n.<\/p>\n<p style=\"text-align: justify;\">FEDECIV, a\u00f1o tras a\u00f1o, fue, est\u00e1 y seguir\u00e1 estando integrada por un grupo de personas que ad-honorem y con honestidad, imparcialidad, trabajo arduo y voluntad logran mantener los cimientos y fortalecer la estructura organizativa y gracias al avance tecnol\u00f3gico conllevan al mejoramiento progresivo de las actividades deportivas de los clubes Italo-Venezolanos, cuyas acciones logran la uni\u00f3n y la hermandad entre sus semejantes, robusteciendo las bases para seguir edificando el camino delineado por sus fundadores.<\/p>\n<p>[\/et_pb_text][\/et_pb_column][\/et_pb_row][\/et_pb_section]<\/p>\n","protected":false},"excerpt":{"rendered":"<p>Gracias al sue\u00f1o de una persona y la inquietud de otras, se contemplaron una serie de ideas para reunir en un mismo lugar personas de diferentes clubes Italo-Venezolanos relacionadas al \u00e1mbito deportivo, con la finalidad de confraternizar con nuestros semejantes y de esta forma lograr la participaci\u00f3n de los socios en la actividad deportiva. En [&hellip;]<\/p>\n","protected":false},"author":1,"featured_media":0,"parent":0,"menu_order":0,"comment_status":"closed","ping_status":"closed","template":"","meta":{"_et_pb_use_builder":"on","_et_pb_old_content":"","_et_gb_content_width":"","footnotes":""},"class_list":["post-549","page","type-page","status-publish","hentry"],"_links":{"self":[{"href":"https:\/\/maracaibo2026.fedeciv.org\/web2\/wp-json\/wp\/v2\/pages\/549","targetHints":{"allow":["GET"]}}],"collection":[{"href":"https:\/\/maracaibo2026.fedeciv.org\/web2\/wp-json\/wp\/v2\/pages"}],"about":[{"href":"https:\/\/maracaibo2026.fedeciv.org\/web2\/wp-json\/wp\/v2\/types\/page"}],"author":[{"embeddable":true,"href":"https:\/\/maracaibo2026.fedeciv.org\/web2\/wp-json\/wp\/v2\/users\/1"}],"replies":[{"embeddable":true,"href":"https:\/\/maracaibo2026.fedeciv.org\/web2\/wp-json\/wp\/v2\/comments?post=549"}],"version-history":[{"count":4,"href":"https:\/\/maracaibo2026.fedeciv.org\/web2\/wp-json\/wp\/v2\/pages\/549\/revisions"}],"predecessor-version":[{"id":554,"href":"https:\/\/maracaibo2026.fedeciv.org\/web2\/wp-json\/wp\/v2\/pages\/549\/revisions\/554"}],"wp:attachment":[{"href":"https:\/\/maracaibo2026.fedeciv.org\/web2\/wp-json\/wp\/v2\/media?parent=549"}],"curies":[{"name":"wp","href":"https:\/\/api.w.org\/{rel}","templated":true}]}}