{"id":349,"date":"2025-10-14T16:06:03","date_gmt":"2025-10-14T20:06:03","guid":{"rendered":"https:\/\/maracaibo2026.fedeciv.org\/web2\/?page_id=349"},"modified":"2025-11-02T19:30:39","modified_gmt":"2025-11-02T23:30:39","slug":"sedes","status":"publish","type":"page","link":"https:\/\/maracaibo2026.fedeciv.org\/web2\/sedes\/","title":{"rendered":"SEDES"},"content":{"rendered":"<p>[et_pb_section fb_built=\u00bb1&#8243; _builder_version=\u00bb4.27.4&#8243; _module_preset=\u00bbdefault\u00bb background_color=\u00bbRGBA(255,255,255,0)\u00bb custom_margin=\u00bb0px||0px||false|false\u00bb custom_padding=\u00bb0px||0px||false|false\u00bb global_colors_info=\u00bb{}\u00bb][et_pb_row _builder_version=\u00bb4.27.4&#8243; _module_preset=\u00bbdefault\u00bb background_color=\u00bb#FFFFFF\u00bb global_colors_info=\u00bb{}\u00bb][et_pb_column type=\u00bb4_4&#8243; _builder_version=\u00bb4.27.4&#8243; _module_preset=\u00bbdefault\u00bb global_colors_info=\u00bb{}\u00bb][et_pb_heading title=\u00bbINSTALACIONES DEPORTIVAS SEDE CASA D\u00b4ITALIA\u00bb _builder_version=\u00bb4.27.4&#8243; _module_preset=\u00bbdefault\u00bb custom_margin=\u00bb|||40px|false|false\u00bb custom_padding=\u00bb|||20px|false|false\u00bb global_colors_info=\u00bb{}\u00bb][\/et_pb_heading][\/et_pb_column][\/et_pb_row][et_pb_row _builder_version=\u00bb4.27.4&#8243; _module_preset=\u00bbdefault\u00bb background_color=\u00bb#FFFFFF\u00bb custom_margin=\u00bb||0px||false|false\u00bb custom_padding=\u00bb||0px||false|false\u00bb global_colors_info=\u00bb{}\u00bb][et_pb_column type=\u00bb4_4&#8243; _builder_version=\u00bb4.27.4&#8243; _module_preset=\u00bbdefault\u00bb global_colors_info=\u00bb{}\u00bb][et_pb_text _builder_version=\u00bb4.27.4&#8243; _module_preset=\u00bbdefault\u00bb custom_margin=\u00bb0px|50px|0px|50px|false|false\u00bb custom_padding=\u00bb0px||0px||false|false\u00bb global_colors_info=\u00bb{}\u00bb]<\/p>\n<p>Casa D\u2019Italia Maracaibo cuenta por los momentos con: Cancha de F\u00fatbol, Cancha M\u00faltiple, piscina semiol\u00edmpica 25 mts, cancha de bolas Criollas, salones cerrados donde se podr\u00e1n desarrollar disciplinas como:<\/p>\n<p>[\/et_pb_text][\/et_pb_column][\/et_pb_row][et_pb_row column_structure=\u00bb1_2,1_2&#8243; _builder_version=\u00bb4.27.4&#8243; _module_preset=\u00bbdefault\u00bb background_color=\u00bb#FFFFFF\u00bb custom_margin=\u00bb0px||0px||false|false\u00bb custom_padding=\u00bb0px||0px||false|false\u00bb global_colors_info=\u00bb{}\u00bb][et_pb_column type=\u00bb1_2&#8243; _builder_version=\u00bb4.27.4&#8243; _module_preset=\u00bbdefault\u00bb global_colors_info=\u00bb{}\u00bb][et_pb_text _builder_version=\u00bb4.27.4&#8243; _module_preset=\u00bbdefault\u00bb custom_margin=\u00bb|||50px|false|false\u00bb hover_enabled=\u00bb0&#8243; global_colors_info=\u00bb{}\u00bb sticky_enabled=\u00bb0&#8243; text_font=\u00bb|600|||||||\u00bb]<\/p>\n<ul>\n<li>Domino<\/li>\n<li>Ajedrez<\/li>\n<li>Tenis de Mesa<\/li>\n<li>Sal\u00f3n de Boccette<\/li>\n<\/ul>\n<p>[\/et_pb_text][\/et_pb_column][et_pb_column type=\u00bb1_2&#8243; _builder_version=\u00bb4.27.4&#8243; _module_preset=\u00bbdefault\u00bb global_colors_info=\u00bb{}\u00bb][et_pb_text _builder_version=\u00bb4.27.4&#8243; _module_preset=\u00bbdefault\u00bb hover_enabled=\u00bb0&#8243; global_colors_info=\u00bb{}\u00bb sticky_enabled=\u00bb0&#8243; text_font=\u00bb|600|||||||\u00bb]<\/p>\n<ul>\n<li>Pool Italiano<\/li>\n<li>Sal\u00f3n de Cartas<\/li>\n<li>Canchas de Padel<\/li>\n<li>Canchas de Tenis<\/li>\n<li>Canchas de Tenis Playa<\/li>\n<\/ul>\n<p>[\/et_pb_text][\/et_pb_column][\/et_pb_row][et_pb_row _builder_version=\u00bb4.27.4&#8243; _module_preset=\u00bbdefault\u00bb background_color=\u00bb#FFFFFF\u00bb custom_margin=\u00bb0px||0px||false|false\u00bb custom_padding=\u00bb0px||0px||false|false\u00bb global_colors_info=\u00bb{}\u00bb][et_pb_column type=\u00bb4_4&#8243; _builder_version=\u00bb4.27.4&#8243; _module_preset=\u00bbdefault\u00bb global_colors_info=\u00bb{}\u00bb][et_pb_text _builder_version=\u00bb4.27.4&#8243; _module_preset=\u00bbdefault\u00bb custom_margin=\u00bb0px|50px|0px|50px|false|false\u00bb custom_padding=\u00bb0px||0px||false|false\u00bb global_colors_info=\u00bb{}\u00bb]<\/p>\n<p>Contamos adem\u00e1s con espacios y terrazas abiertas, Restaurantes y pizzer\u00edas que brindar\u00e1n el mejor servicio a nuestras delegaciones deportivas y visitantes<\/p>\n<p>[\/et_pb_text][\/et_pb_column][\/et_pb_row][et_pb_row column_structure=\u00bb1_3,1_3,1_3&#8243; use_custom_gutter=\u00bbon\u00bb gutter_width=\u00bb1&#8243; _builder_version=\u00bb4.27.4&#8243; _module_preset=\u00bbdefault\u00bb min_height=\u00bb500px\u00bb global_colors_info=\u00bb{}\u00bb][et_pb_column type=\u00bb1_3&#8243; _builder_version=\u00bb4.27.4&#8243; _module_preset=\u00bbdefault\u00bb global_colors_info=\u00bb{}\u00bb][et_pb_image src=\u00bbhttps:\/\/maracaibo2026.fedeciv.org\/web2\/wp-content\/uploads\/2025\/10\/CASA-ITALIA-1.png\u00bb _builder_version=\u00bb4.27.4&#8243; _module_preset=\u00bbdefault\u00bb vertical_offset=\u00bb0px\u00bb global_colors_info=\u00bb{}\u00bb][\/et_pb_image][et_pb_image src=\u00bbhttps:\/\/maracaibo2026.fedeciv.org\/web2\/wp-content\/uploads\/2025\/10\/CASA-ITALIA-6.png\u00bb _builder_version=\u00bb4.27.4&#8243; _module_preset=\u00bbdefault\u00bb global_colors_info=\u00bb{}\u00bb][\/et_pb_image][\/et_pb_column][et_pb_column type=\u00bb1_3&#8243; _builder_version=\u00bb4.27.4&#8243; _module_preset=\u00bbdefault\u00bb global_colors_info=\u00bb{}\u00bb][et_pb_image src=\u00bbhttps:\/\/maracaibo2026.fedeciv.org\/web2\/wp-content\/uploads\/2025\/10\/CASA-ITALIA-4.png\u00bb _builder_version=\u00bb4.27.4&#8243; _module_preset=\u00bbdefault\u00bb position_origin_a=\u00bbtop_center\u00bb vertical_offset=\u00bb65px\u00bb horizontal_offset=\u00bb338px\u00bb global_colors_info=\u00bb{}\u00bb][\/et_pb_image][et_pb_image src=\u00bbhttps:\/\/maracaibo2026.fedeciv.org\/web2\/wp-content\/uploads\/2025\/10\/CASA-ITALIA-5.png\u00bb _builder_version=\u00bb4.27.4&#8243; _module_preset=\u00bbdefault\u00bb global_colors_info=\u00bb{}\u00bb][\/et_pb_image][\/et_pb_column][et_pb_column type=\u00bb1_3&#8243; _builder_version=\u00bb4.27.4&#8243; _module_preset=\u00bbdefault\u00bb global_colors_info=\u00bb{}\u00bb][et_pb_image src=\u00bbhttps:\/\/maracaibo2026.fedeciv.org\/web2\/wp-content\/uploads\/2025\/10\/CASA-ITALIA-3.png\u00bb _builder_version=\u00bb4.27.4&#8243; _module_preset=\u00bbdefault\u00bb position_origin_a=\u00bbtop_right\u00bb horizontal_offset=\u00bb-561px\u00bb global_colors_info=\u00bb{}\u00bb][\/et_pb_image][et_pb_image src=\u00bbhttps:\/\/maracaibo2026.fedeciv.org\/web2\/wp-content\/uploads\/2025\/10\/CASA-ITALIA-2.png\u00bb title_text=\u00bbCASA-ITALIA-2&#8243; _builder_version=\u00bb4.27.4&#8243; _module_preset=\u00bbdefault\u00bb global_colors_info=\u00bb{}\u00bb][\/et_pb_image][\/et_pb_column][\/et_pb_row][\/et_pb_section][et_pb_section fb_built=\u00bb1&#8243; _builder_version=\u00bb4.27.4&#8243; _module_preset=\u00bbdefault\u00bb background_color=\u00bbRGBA(255,255,255,0)\u00bb global_colors_info=\u00bb{}\u00bb][et_pb_row _builder_version=\u00bb4.27.4&#8243; _module_preset=\u00bbdefault\u00bb background_color=\u00bb#FFFFFF\u00bb global_colors_info=\u00bb{}\u00bb][et_pb_column type=\u00bb4_4&#8243; _builder_version=\u00bb4.27.4&#8243; _module_preset=\u00bbdefault\u00bb global_colors_info=\u00bb{}\u00bb][et_pb_heading title=\u00bbINSTALACIONES DEPORTIVAS EXTERNAS\u00bb _builder_version=\u00bb4.27.4&#8243; _module_preset=\u00bbdefault\u00bb title_text_align=\u00bbcenter\u00bb custom_margin=\u00bb0px||0px||false|false\u00bb custom_padding=\u00bb0px||0px||false|false\u00bb global_colors_info=\u00bb{}\u00bb][\/et_pb_heading][\/et_pb_column][\/et_pb_row][et_pb_row column_structure=\u00bb1_2,1_2&#8243; _builder_version=\u00bb4.27.4&#8243; _module_preset=\u00bbdefault\u00bb background_color=\u00bb#FFFFFF\u00bb global_colors_info=\u00bb{}\u00bb][et_pb_column type=\u00bb1_2&#8243; _builder_version=\u00bb4.27.4&#8243; _module_preset=\u00bbdefault\u00bb global_colors_info=\u00bb{}\u00bb][et_pb_heading title=\u00bbCentro Gallego de Maracaibo\u00bb _builder_version=\u00bb4.27.4&#8243; _module_preset=\u00bbdefault\u00bb custom_margin=\u00bb0px||0px|40px|false|false\u00bb custom_padding=\u00bb0px||0px|20px|false|false\u00bb global_colors_info=\u00bb{}\u00bb][\/et_pb_heading][et_pb_text _builder_version=\u00bb4.27.4&#8243; _module_preset=\u00bbdefault\u00bb custom_margin=\u00bb|||40px|false|false\u00bb custom_padding=\u00bb|||10px|false|false\u00bb hover_enabled=\u00bb0&#8243; global_colors_info=\u00bb{}\u00bb sticky_enabled=\u00bb0&#8243;]<\/p>\n<p>Este club cuenta con canchas deportivas adecuadas para el desarrollo de varias disciplinas, incluyendo:<\/p>\n<ul>\n<li><strong>F\u00fatbol<\/strong><\/li>\n<li><strong>Baloncesto<\/strong><\/li>\n<li><strong>Futsal<\/strong><\/li>\n<li><strong>Piscina semiol\u00edmpica de 25 metros<\/strong><\/li>\n<li><strong>P\u00e1del<\/strong><\/li>\n<li><strong>Bolas Criollas<\/strong><\/li>\n<li><strong>Domin\u00f3<\/strong><\/li>\n<li><strong>Tenis de mesa<\/strong><\/li>\n<\/ul>\n<p style=\"text-align: justify;\">Las \u00faltimas dos disciplinas pueden llevarse a cabo en sus amplios salones completamente cerrados. Adem\u00e1s, el centro dispone de \u00e1reas de restaurantes, una fuente de soda, amplias terrazas y un hotel que se sugiere para la directiva de FEDECIV, dada su cercan\u00eda al club y su estacionamiento privado.<\/p>\n<p>[\/et_pb_text][et_pb_image src=\u00bbhttps:\/\/maracaibo2026.fedeciv.org\/web2\/wp-content\/uploads\/2025\/10\/centro-gallego.png\u00bb _builder_version=\u00bb4.27.4&#8243; _module_preset=\u00bbdefault\u00bb custom_margin=\u00bb|||25px|false|false\u00bb global_colors_info=\u00bb{}\u00bb][\/et_pb_image][et_pb_heading title=\u00bbEstadio de Futbol FUNDAUAM\u00bb _builder_version=\u00bb4.27.4&#8243; _module_preset=\u00bbdefault\u00bb custom_margin=\u00bb0px||0px|40px|false|false\u00bb custom_padding=\u00bb0px||0px|20px|false|false\u00bb global_colors_info=\u00bb{}\u00bb][\/et_pb_heading][et_pb_text _builder_version=\u00bb4.27.4&#8243; _module_preset=\u00bbdefault\u00bb custom_margin=\u00bb|||40px|false|false\u00bb custom_padding=\u00bb|||10px|false|false\u00bb global_colors_info=\u00bb{}\u00bb]<\/p>\n<p style=\"text-align: justify;\">Situada en la Avenida El Milagro, esta cancha es altamente recomendada para el desarrollo de los juegos de f\u00fatbol. Posee estacionamiento privado, gradas para el p\u00fablico y una zona de refrigerio.<\/p>\n<p>[\/et_pb_text][et_pb_image src=\u00bbhttps:\/\/maracaibo2026.fedeciv.org\/web2\/wp-content\/uploads\/2025\/10\/campo-fundauam.jpg\u00bb title_text=\u00bbcampo-fundauam\u00bb _builder_version=\u00bb4.27.4&#8243; _module_preset=\u00bbdefault\u00bb custom_margin=\u00bb|||25px|false|false\u00bb global_colors_info=\u00bb{}\u00bb][\/et_pb_image][et_pb_heading title=\u00bbLiceo los Robles\u00bb _builder_version=\u00bb4.27.4&#8243; _module_preset=\u00bbdefault\u00bb custom_margin=\u00bb0px||0px|40px|false|false\u00bb custom_padding=\u00bb0px||0px|20px|false|false\u00bb global_colors_info=\u00bb{}\u00bb][\/et_pb_heading][et_pb_text _builder_version=\u00bb4.27.4&#8243; _module_preset=\u00bbdefault\u00bb custom_margin=\u00bb|||40px|false|false\u00bb custom_padding=\u00bb|||10px|false|false\u00bb hover_enabled=\u00bb0&#8243; global_colors_info=\u00bb{}\u00bb sticky_enabled=\u00bb0&#8243;]<\/p>\n<p>Esta sede est\u00e1 equipada con:<\/p>\n<ul>\n<li><strong>Cancha de f\u00fatbol<\/strong><\/li>\n<li><strong>Cancha de tenis<\/strong><\/li>\n<li><strong>Campo de softbol<\/strong><\/li>\n<li><strong>Cancha multifuncional para baloncesto, futsal y voleibol<\/strong><\/li>\n<\/ul>\n<p>Tambi\u00e9n cuenta con espacios c\u00f3modos, una loncher\u00eda y estacionamiento privado.<\/p>\n<p>[\/et_pb_text][et_pb_image src=\u00bbhttps:\/\/maracaibo2026.fedeciv.org\/web2\/wp-content\/uploads\/2025\/10\/liceo-los-robles.png\u00bb title_text=\u00bbcampo-fundauam\u00bb _builder_version=\u00bb4.27.4&#8243; _module_preset=\u00bbdefault\u00bb custom_margin=\u00bb|||25px|false|false\u00bb global_colors_info=\u00bb{}\u00bb][\/et_pb_image][et_pb_heading title=\u00bbComplejo Deportivo Pachencho Romero\u00bb _builder_version=\u00bb4.27.4&#8243; _module_preset=\u00bbdefault\u00bb custom_margin=\u00bb0px||0px|40px|false|false\u00bb custom_padding=\u00bb0px||0px|20px|false|false\u00bb global_colors_info=\u00bb{}\u00bb][\/et_pb_heading][et_pb_text _builder_version=\u00bb4.27.4&#8243; _module_preset=\u00bbdefault\u00bb custom_margin=\u00bb|||40px|false|false\u00bb custom_padding=\u00bb|||10px|false|false\u00bb global_colors_info=\u00bb{}\u00bb]<\/p>\n<p style=\"text-align: justify;\">Este emblem\u00e1tico complejo de la ciudad cuenta con una impresionante cancha de f\u00fatbol, dise\u00f1ada para garantizar el m\u00e1ximo disfrute y confort durante los partidos. Adem\u00e1s, alberga el ic\u00f3nico gimnasio Belisario Aponte, donde se pueden llevar a cabo competencias de baloncesto, voleibol y Futsal.<\/p>\n<p>[\/et_pb_text][et_pb_image src=\u00bbhttps:\/\/maracaibo2026.fedeciv.org\/web2\/wp-content\/uploads\/2025\/10\/pachencho-romero.jpg\u00bb title_text=\u00bbcampo-fundauam\u00bb _builder_version=\u00bb4.27.4&#8243; _module_preset=\u00bbdefault\u00bb custom_margin=\u00bb|||25px|false|false\u00bb global_colors_info=\u00bb{}\u00bb][\/et_pb_image][et_pb_heading title=\u00bbColegio los Maristas\u00bb _builder_version=\u00bb4.27.4&#8243; _module_preset=\u00bbdefault\u00bb custom_margin=\u00bb0px||0px|40px|false|false\u00bb custom_padding=\u00bb0px||0px|20px|false|false\u00bb global_colors_info=\u00bb{}\u00bb][\/et_pb_heading][et_pb_text _builder_version=\u00bb4.27.4&#8243; _module_preset=\u00bbdefault\u00bb custom_margin=\u00bb|||40px|false|false\u00bb custom_padding=\u00bb|||10px|false|false\u00bb hover_enabled=\u00bb0&#8243; global_colors_info=\u00bb{}\u00bb sticky_enabled=\u00bb0&#8243;]<\/p>\n<p>Nos ofrece canchas para diversas disciplinas deportivas como.<\/p>\n<ul>\n<li><strong>F\u00fatbol<\/strong><\/li>\n<li><strong>Baloncesto<\/strong><\/li>\n<li><strong>Futsala<\/strong><\/li>\n<li><strong>Tenis de mesa<\/strong><\/li>\n<li><strong>Softball<\/strong><\/li>\n<li><strong>Kikingball<\/strong><\/li>\n<\/ul>\n<p>Estacionamiento privado , f\u00e1cil acceso ambiente agradable<\/p>\n<p>[\/et_pb_text][et_pb_image src=\u00bbhttps:\/\/maracaibo2026.fedeciv.org\/web2\/wp-content\/uploads\/2025\/10\/colegio-maristas.png\u00bb title_text=\u00bbcampo-fundauam\u00bb _builder_version=\u00bb4.27.4&#8243; _module_preset=\u00bbdefault\u00bb custom_margin=\u00bb|||25px|false|false\u00bb global_colors_info=\u00bb{}\u00bb][\/et_pb_image][et_pb_heading title=\u00bbRuta de Ciclismo\u00bb _builder_version=\u00bb4.27.4&#8243; _module_preset=\u00bbdefault\u00bb custom_margin=\u00bb0px||0px|40px|false|false\u00bb custom_padding=\u00bb0px||0px|20px|false|false\u00bb global_colors_info=\u00bb{}\u00bb][\/et_pb_heading][et_pb_text _builder_version=\u00bb4.27.4&#8243; _module_preset=\u00bbdefault\u00bb custom_margin=\u00bb|||40px|false|false\u00bb custom_padding=\u00bb|||10px|false|false\u00bb hover_enabled=\u00bb0&#8243; global_colors_info=\u00bb{}\u00bb sticky_enabled=\u00bb0&#8243;]<\/p>\n<p style=\"text-align: justify;\">Para la ruta cicl\u00edstica hemos considerado el <strong>Parque Vereda del Lago<\/strong> con el fin de desarrollar esta disciplina con un recorrido de 3km (por vuelta ), contamos con estacionamiento, lugares de comida y zonas de recreaci\u00f3n para toda la familia.<\/p>\n<p style=\"text-align: justify;\">En este parque podr\u00e1s disfrutar de un amanecer marabino y una vista hacia nuestro colosal puente sobre el lago.<\/p>\n<p>[\/et_pb_text][et_pb_image src=\u00bbhttps:\/\/maracaibo2026.fedeciv.org\/web2\/wp-content\/uploads\/2025\/10\/ruta-ciclista.png\u00bb title_text=\u00bbcampo-fundauam\u00bb _builder_version=\u00bb4.27.4&#8243; _module_preset=\u00bbdefault\u00bb custom_margin=\u00bb|||25px|false|false\u00bb global_colors_info=\u00bb{}\u00bb][\/et_pb_image][\/et_pb_column][et_pb_column type=\u00bb1_2&#8243; _builder_version=\u00bb4.27.4&#8243; _module_preset=\u00bbdefault\u00bb global_colors_info=\u00bb{}\u00bb][et_pb_heading title=\u00bbSan Sim\u00f3n, Maracaibo Raquet Club y Padel Box\u00bb _builder_version=\u00bb4.27.4&#8243; _module_preset=\u00bbdefault\u00bb custom_margin=\u00bb0px|30px|0px|-1px|false|false\u00bb custom_padding=\u00bb0px||0px|20px|false|false\u00bb global_colors_info=\u00bb{}\u00bb][\/et_pb_heading][et_pb_text _builder_version=\u00bb4.27.4&#8243; _module_preset=\u00bbdefault\u00bb custom_margin=\u00bb|22px||4px|false|false\u00bb custom_padding=\u00bb|||10px|false|false\u00bb global_colors_info=\u00bb{}\u00bb]<\/p>\n<p style=\"text-align: justify;\">Estos complejos, ubicados en la vereda del lago, ofrecen canchas para las disciplinas de Padel, pickleball y beach tennis. Asimismo, cuentan con \u00e1reas verdes naturales y zonas de refrigerio.<\/p>\n<p>[\/et_pb_text][et_pb_image src=\u00bbhttps:\/\/maracaibo2026.fedeciv.org\/web2\/wp-content\/uploads\/2025\/10\/parque-san-simon.png\u00bb _builder_version=\u00bb4.27.4&#8243; _module_preset=\u00bbdefault\u00bb custom_margin=\u00bb8px|18px||||\u00bb global_colors_info=\u00bb{}\u00bb][\/et_pb_image][et_pb_heading title=\u00bbColegio de M\u00e9dicos del Estado Zulia\u00bb _builder_version=\u00bb4.27.4&#8243; _module_preset=\u00bbdefault\u00bb custom_margin=\u00bb0px|30px|0px|-1px|false|false\u00bb custom_padding=\u00bb0px||0px|20px|false|false\u00bb global_colors_info=\u00bb{}\u00bb][\/et_pb_heading][et_pb_text _builder_version=\u00bb4.27.4&#8243; _module_preset=\u00bbdefault\u00bb custom_margin=\u00bb|22px||4px|false|false\u00bb custom_padding=\u00bb|||10px|false|false\u00bb hover_enabled=\u00bb0&#8243; global_colors_info=\u00bb{}\u00bb sticky_enabled=\u00bb0&#8243;]<\/p>\n<p>Este recinto cuenta con:<\/p>\n<ul>\n<li><strong>Campo de s\u00f3ftbol<\/strong><\/li>\n<li><strong>Piscina semiol\u00edmpica de 25 metros<\/strong><\/li>\n<li><strong>Canchas de bolas criollas<\/strong><\/li>\n<li><strong>Cancha multifuncional<\/strong><\/li>\n<li><strong>Sal\u00f3n de billar<\/strong><\/li>\n<\/ul>\n<p>Adem\u00e1s, dispone de un restaurante, \u00e1reas de terrazas y estacionamiento privado.<\/p>\n<p>[\/et_pb_text][et_pb_image src=\u00bbhttps:\/\/maracaibo2026.fedeciv.org\/web2\/wp-content\/uploads\/2025\/10\/colegio-medicos.jpg\u00bb _builder_version=\u00bb4.27.4&#8243; _module_preset=\u00bbdefault\u00bb custom_margin=\u00bb8px|18px||||\u00bb global_colors_info=\u00bb{}\u00bb][\/et_pb_image][et_pb_heading title=\u00bbClub Aleman\u00bb _builder_version=\u00bb4.27.4&#8243; _module_preset=\u00bbdefault\u00bb custom_margin=\u00bb0px|30px|0px|-1px|false|false\u00bb custom_padding=\u00bb0px||0px|20px|false|false\u00bb global_colors_info=\u00bb{}\u00bb][\/et_pb_heading][et_pb_text _builder_version=\u00bb4.27.4&#8243; _module_preset=\u00bbdefault\u00bb custom_margin=\u00bb|22px||4px|false|false\u00bb custom_padding=\u00bb|||10px|false|false\u00bb global_colors_info=\u00bb{}\u00bb]<\/p>\n<p>Ubicado en El Milagro y de f\u00e1cil acceso, ofrece:<\/p>\n<ul>\n<li><strong>Canchas de tenis<\/strong><\/li>\n<li><strong>Piscina semiol\u00edmpica de 25 metros<\/strong><\/li>\n<li><strong>Canchas de bolas criollas<\/strong><\/li>\n<\/ul>\n<p>Dispone, adem\u00e1s, de \u00e1reas recreativas, un restaurante y amplio estacionamiento privado.<\/p>\n<p>[\/et_pb_text][et_pb_image src=\u00bbhttps:\/\/maracaibo2026.fedeciv.org\/web2\/wp-content\/uploads\/2025\/10\/club-aleman.png\u00bb _builder_version=\u00bb4.27.4&#8243; _module_preset=\u00bbdefault\u00bb custom_margin=\u00bb8px|18px||||\u00bb global_colors_info=\u00bb{}\u00bb][\/et_pb_image][et_pb_heading title=\u00bbComplejo Deportivo Urbanizacion la Victoria\u00bb _builder_version=\u00bb4.27.4&#8243; _module_preset=\u00bbdefault\u00bb custom_margin=\u00bb0px|30px|0px|-1px|false|false\u00bb custom_padding=\u00bb0px||0px|20px|false|false\u00bb global_colors_info=\u00bb{}\u00bb][\/et_pb_heading][et_pb_text _builder_version=\u00bb4.27.4&#8243; _module_preset=\u00bbdefault\u00bb custom_margin=\u00bb|22px||4px|false|false\u00bb custom_padding=\u00bb|||10px|false|false\u00bb hover_enabled=\u00bb0&#8243; global_colors_info=\u00bb{}\u00bb sticky_enabled=\u00bb0&#8243;]<\/p>\n<p style=\"text-align: justify;\">Gimnasio de <strong>Tenis de Mesa<\/strong> \u00abProfesora Aura Babaresco\u00bb<\/p>\n<p style=\"text-align: justify;\">Este gimnasio cubierto ha sido dise\u00f1ado espec\u00edficamente para albergar competencias de alto nivel. Cuenta con 20 mesas de <strong>tenis de mesa<\/strong>, equipadas con separadores, as\u00ed como amplias gradas que permiten disfrutar plenamente de los eventos. Adem\u00e1s, el ambiente es acogedor y est\u00e1 pensado para brindar una experiencia agradable a los asistentes.<\/p>\n<p>[\/et_pb_text][et_pb_image src=\u00bbhttps:\/\/maracaibo2026.fedeciv.org\/web2\/wp-content\/uploads\/2025\/10\/gym-tenis-mesa.png\u00bb _builder_version=\u00bb4.27.4&#8243; _module_preset=\u00bbdefault\u00bb custom_margin=\u00bb8px|18px||||\u00bb global_colors_info=\u00bb{}\u00bb][\/et_pb_image][et_pb_heading title=\u00bbEstadio Peque\u00f1as Ligas Coquivacoa\u00bb _builder_version=\u00bb4.27.4&#8243; _module_preset=\u00bbdefault\u00bb custom_margin=\u00bb0px|30px|0px|-1px|false|false\u00bb custom_padding=\u00bb0px||0px|20px|false|false\u00bb global_colors_info=\u00bb{}\u00bb][\/et_pb_heading][et_pb_text _builder_version=\u00bb4.27.4&#8243; _module_preset=\u00bbdefault\u00bb custom_margin=\u00bb|22px||4px|false|false\u00bb custom_padding=\u00bb|||10px|false|false\u00bb hover_enabled=\u00bb0&#8243; global_colors_info=\u00bb{}\u00bb sticky_enabled=\u00bb0&#8243;]<\/p>\n<p style=\"text-align: justify;\">En ese complejo podemos desarrollar las, actividades actividades deportivas tanto de <strong>softball y kickingball<\/strong>, con capacidad de alberga espectadores, de f\u00e1cil acceso y estacionamiento privado.<\/p>\n<p>[\/et_pb_text][et_pb_image src=\u00bbhttps:\/\/maracaibo2026.fedeciv.org\/web2\/wp-content\/uploads\/2025\/10\/estadio-coquivacoa.png\u00bb _builder_version=\u00bb4.27.4&#8243; _module_preset=\u00bbdefault\u00bb custom_margin=\u00bb8px|18px||||\u00bb global_colors_info=\u00bb{}\u00bb][\/et_pb_image][et_pb_heading title=\u00bbRuta de Carrera 10K\u00bb _builder_version=\u00bb4.27.4&#8243; _module_preset=\u00bbdefault\u00bb custom_margin=\u00bb0px|30px|0px|-1px|false|false\u00bb custom_padding=\u00bb0px||0px|20px|false|false\u00bb global_colors_info=\u00bb{}\u00bb][\/et_pb_heading][et_pb_text _builder_version=\u00bb4.27.4&#8243; _module_preset=\u00bbdefault\u00bb custom_margin=\u00bb|22px||4px|false|false\u00bb custom_padding=\u00bb|||10px|false|false\u00bb hover_enabled=\u00bb0&#8243; global_colors_info=\u00bb{}\u00bb sticky_enabled=\u00bb0&#8243;]<\/p>\n<p>La modalidad de carrera 10K que cruza el <strong>Puente sobre el Lago<\/strong> (Puente General Rafael Urdaneta), ofrece una experiencia \u00fanica para corredores y espectadores. La carrera es una oportunidad para disfrutar de la vista panor\u00e1mica del lago y la infraestructura del puente. (Por confirmar).<\/p>\n<p>[\/et_pb_text][et_pb_image src=\u00bbhttps:\/\/maracaibo2026.fedeciv.org\/web2\/wp-content\/uploads\/2025\/10\/ruta-carrera.png\u00bb _builder_version=\u00bb4.27.4&#8243; _module_preset=\u00bbdefault\u00bb custom_margin=\u00bb8px|18px||||\u00bb global_colors_info=\u00bb{}\u00bb][\/et_pb_image][\/et_pb_column][\/et_pb_row][\/et_pb_section]<\/p>\n","protected":false},"excerpt":{"rendered":"<p>Casa D\u2019Italia Maracaibo cuenta por los momentos con: Cancha de F\u00fatbol, Cancha M\u00faltiple, piscina semiol\u00edmpica 25 mts, cancha de bolas Criollas, salones cerrados donde se podr\u00e1n desarrollar disciplinas como: Domino Ajedrez Tenis de Mesa Sal\u00f3n de Boccette Pool Italiano Sal\u00f3n de Cartas Canchas de Padel Canchas de Tenis Canchas de Tenis Playa Contamos adem\u00e1s con [&hellip;]<\/p>\n","protected":false},"author":1,"featured_media":0,"parent":0,"menu_order":0,"comment_status":"closed","ping_status":"closed","template":"","meta":{"_et_pb_use_builder":"on","_et_pb_old_content":"","_et_gb_content_width":"","footnotes":""},"class_list":["post-349","page","type-page","status-publish","hentry"],"_links":{"self":[{"href":"https:\/\/maracaibo2026.fedeciv.org\/web2\/wp-json\/wp\/v2\/pages\/349","targetHints":{"allow":["GET"]}}],"collection":[{"href":"https:\/\/maracaibo2026.fedeciv.org\/web2\/wp-json\/wp\/v2\/pages"}],"about":[{"href":"https:\/\/maracaibo2026.fedeciv.org\/web2\/wp-json\/wp\/v2\/types\/page"}],"author":[{"embeddable":true,"href":"https:\/\/maracaibo2026.fedeciv.org\/web2\/wp-json\/wp\/v2\/users\/1"}],"replies":[{"embeddable":true,"href":"https:\/\/maracaibo2026.fedeciv.org\/web2\/wp-json\/wp\/v2\/comments?post=349"}],"version-history":[{"count":21,"href":"https:\/\/maracaibo2026.fedeciv.org\/web2\/wp-json\/wp\/v2\/pages\/349\/revisions"}],"predecessor-version":[{"id":690,"href":"https:\/\/maracaibo2026.fedeciv.org\/web2\/wp-json\/wp\/v2\/pages\/349\/revisions\/690"}],"wp:attachment":[{"href":"https:\/\/maracaibo2026.fedeciv.org\/web2\/wp-json\/wp\/v2\/media?parent=349"}],"curies":[{"name":"wp","href":"https:\/\/api.w.org\/{rel}","templated":true}]}}